{"id":21436,"date":"2023-10-19T17:53:39","date_gmt":"2023-10-19T15:53:39","guid":{"rendered":"https:\/\/kcpdynamics.com\/solutions-by-professional\/compliance-and-ease-for-the-multinational-in-latam\/"},"modified":"2025-10-01T12:45:35","modified_gmt":"2025-10-01T10:45:35","slug":"compliance-and-ease-for-the-multinational-in-latam","status":"publish","type":"page","link":"https:\/\/kcpdynamics.com\/en\/solutions-by-professional\/compliance-and-ease-for-the-multinational-in-latam\/","title":{"rendered":"Compliance and ease for the multinational in LATAM"},"content":{"rendered":"\t\t<div data-elementor-type=\"wp-page\" data-elementor-id=\"21436\" class=\"elementor elementor-21436 elementor-14234\" data-elementor-settings=\"{&quot;ha_cmc_init_switcher&quot;:&quot;no&quot;}\" data-elementor-post-type=\"page\">\n\t\t\t\t\t\t<section class=\"elementor-section elementor-top-section elementor-element elementor-element-cf01b93 elementor-section-boxed elementor-section-height-default elementor-section-height-default\" data-id=\"cf01b93\" data-element_type=\"section\" data-settings=\"{&quot;_ha_eqh_enable&quot;:false}\">\n\t\t\t\t\t\t<div class=\"elementor-container elementor-column-gap-default\">\n\t\t\t\t\t<div class=\"elementor-column elementor-col-100 elementor-top-column elementor-element elementor-element-b25b910\" data-id=\"b25b910\" data-element_type=\"column\">\n\t\t\t<div class=\"elementor-widget-wrap elementor-element-populated\">\n\t\t\t\t\t\t<div class=\"elementor-element elementor-element-bb698b8 elementor-widget elementor-widget-text-editor\" data-id=\"bb698b8\" data-element_type=\"widget\" data-widget_type=\"text-editor.default\">\n\t\t\t\t<div class=\"elementor-widget-container\">\n\t\t\t\t\t\t\t\t\t<p>For a European or North American multinational looking to expand into LATAM and already operating in the Microsoft Dynamics environment, it is crucial to find a partner that not only understands the complexities of local implementation in each country, but is also equipped to handle the consolidation of financial reports and accounts according to the standards and formats preferred by the company&#8217;s headquarters.<\/p>\n<p>Some of the challenges faced in a new country implementation are:<\/p>\n<p><strong>1. Selecting the right partner.<\/strong><\/p>\n<ul>\n<ul>\n<li><strong>Experience in LATAM:<\/strong> Look for a partner with proven experience in implementing Microsoft Dynamics in various LATAM countries. This includes knowledge of local regulations, tax requirements and cultural adaptations.<\/li>\n<li>\n<li><strong>Integration capabilities:<\/strong> Partner must be able to integrate local operations with HQ systems, ensuring a smooth transition and consistency in business processes.<\/li>\n<\/ul>\n<div> <\/div>\n<p><strong>2. Local implementation and customization.<\/strong><\/p>\n<ul>\n<ul>\n<li><strong>Adaptation to Local Regulations:<\/strong> Each implementation in LATAM must comply with the specific fiscal and commercial regulations of each country.<\/li>\n<li>\n<li><strong>System Customization:<\/strong> Adapt the Dynamics 365 system to local needs without compromising cohesion with the global structure of the company.<\/li>\n<\/ul>\n<div> <\/div>\n<p><strong>3. Financial reporting and consolidation.<\/strong><\/p>\n<ul>\n<ul>\n<li><strong>Customized reporting:<\/strong> Develop financial reports that comply with the standards and formats used by the company&#8217;s headquarters.<\/li>\n<li>\n<li><strong>Account consolidation:<\/strong> Implement solutions that enable efficient consolidation of local accounts in LATAM with the head office, ensuring data accuracy and consistency.<\/li>\n<\/ul>\n<div> <\/div>\n<p><strong>4. Ongoing support and training.<\/strong><\/p>\n<ul>\n<ul>\n<li><strong>Ongoing support:<\/strong> Provide ongoing support to ensure optimal operation of systems and prompt resolution of any issues.<\/li>\n<li>\n<li><strong>Training and upgrades:<\/strong> Provide regular training to local and head office staff on new features and system upgrades.<\/li>\n<\/ul>\n<div> <\/div>\n<p><strong>5. Coordination and communication.<\/strong><\/p>\n<ul>\n<li><strong>Project management:<\/strong> Have a robust project management approach to coordinate activities between different countries and HQ.<\/li>\n<li>\n<li><strong>Effective communication:<\/strong> Establish clear and efficient communication channels to ensure that all stakeholders are aligned and well informed.<\/li>\n<\/ul>\n<div> <\/div>\n<div>\n<li>\n<li><\/ul>\n<div> <\/div>\n<p>.<\/p>\n\t\t\t\t\t\t\t\t<\/div>\n\t\t\t\t<\/div>\n\t\t\t\t\t<\/div>\n\t\t<\/div>\n\t\t\t\t\t<\/div>\n\t\t<\/section>\n\t\t\t\t<section class=\"elementor-section elementor-top-section elementor-element elementor-element-aff652a elementor-section-stretched elementor-section-boxed elementor-section-height-default elementor-section-height-default\" data-id=\"aff652a\" data-element_type=\"section\" data-settings=\"{&quot;stretch_section&quot;:&quot;section-stretched&quot;,&quot;background_background&quot;:&quot;classic&quot;,&quot;_ha_eqh_enable&quot;:false}\">\n\t\t\t\t\t\t<div class=\"elementor-container elementor-column-gap-default\">\n\t\t\t\t\t<div class=\"elementor-column elementor-col-33 elementor-top-column elementor-element elementor-element-7b59cf2 elementor-hidden-mobile\" data-id=\"7b59cf2\" data-element_type=\"column\">\n\t\t\t<div class=\"elementor-widget-wrap\">\n\t\t\t\t\t\t\t<\/div>\n\t\t<\/div>\n\t\t\t\t<div class=\"elementor-column elementor-col-33 elementor-top-column elementor-element elementor-element-85cdb2a\" data-id=\"85cdb2a\" data-element_type=\"column\" data-settings=\"{&quot;background_background&quot;:&quot;classic&quot;}\">\n\t\t\t<div class=\"elementor-widget-wrap elementor-element-populated\">\n\t\t\t\t\t\t<section class=\"elementor-section elementor-inner-section elementor-element elementor-element-6d554f2 elementor-section-boxed elementor-section-height-default elementor-section-height-default\" data-id=\"6d554f2\" data-element_type=\"section\" data-settings=\"{&quot;background_background&quot;:&quot;classic&quot;,&quot;_ha_eqh_enable&quot;:false}\">\n\t\t\t\t\t\t<div class=\"elementor-container elementor-column-gap-default\">\n\t\t\t\t\t<div class=\"elementor-column elementor-col-50 elementor-inner-column elementor-element elementor-element-e9291c0\" data-id=\"e9291c0\" data-element_type=\"column\">\n\t\t\t<div class=\"elementor-widget-wrap elementor-element-populated\">\n\t\t\t\t\t\t<div class=\"elementor-element elementor-element-cd3ee29 elementor-widget elementor-widget-heading\" data-id=\"cd3ee29\" data-element_type=\"widget\" data-widget_type=\"heading.default\">\n\t\t\t\t<div class=\"elementor-widget-container\">\n\t\t\t\t\t<div class=\"elementor-heading-title elementor-size-default\">CONTACT OUR SPECIALISTS<\/div>\t\t\t\t<\/div>\n\t\t\t\t<\/div>\n\t\t\t\t<div class=\"elementor-element elementor-element-43fd3cc elementor-widget elementor-widget-text-editor\" data-id=\"43fd3cc\" data-element_type=\"widget\" data-widget_type=\"text-editor.default\">\n\t\t\t\t<div class=\"elementor-widget-container\">\n\t\t\t\t\t\t\t\t\t<p>Lorem ipsum es la frase m\u00e1s socrrida para utilizar en caso de no saber qu\u00e9 texto vas a utilizar.<\/p>\n<p>Lorem ipsum es la frase m\u00e1s socrrida para utilizar en caso de no saber qu\u00e9 texto vas a utilizar.Lorem ipsum es la frase m\u00e1s socrrida para utilizar en caso de no saber qu\u00e9 texto vas a utilizar.<\/p>\n<p>Lorem ipsum es la frase m\u00e1s socrrida para utilizar en caso de no saber qu\u00e9 texto vas a utilizar.<\/p>\n\t\t\t\t\t\t\t\t<\/div>\n\t\t\t\t<\/div>\n\t\t\t\t\t<\/div>\n\t\t<\/div>\n\t\t\t\t<div class=\"elementor-column elementor-col-50 elementor-inner-column elementor-element elementor-element-b22ad67\" data-id=\"b22ad67\" data-element_type=\"column\">\n\t\t\t<div class=\"elementor-widget-wrap elementor-element-populated\">\n\t\t\t\t\t\t<div class=\"elementor-element elementor-element-1fe34bd elementor-widget elementor-widget-shortcode\" data-id=\"1fe34bd\" data-element_type=\"widget\" data-widget_type=\"shortcode.default\">\n\t\t\t\t<div class=\"elementor-widget-container\">\n\t\t\t\t\t\t\t<div class=\"elementor-shortcode\">\n\t\t\t\t\t\t<script>\n\t\t\t\t\t\t\twindow.hsFormsOnReady = window.hsFormsOnReady || [];\n\t\t\t\t\t\t\twindow.hsFormsOnReady.push(()=>{\n\t\t\t\t\t\t\t\thbspt.forms.create({\n\t\t\t\t\t\t\t\t\tportalId: 7555051,\n\t\t\t\t\t\t\t\t\tformId: \"5100054f-f5b0-415e-9130-f09b3ea3992f\",\n\t\t\t\t\t\t\t\t\ttarget: \"#hbspt-form-1776658788000-2167094857\",\n\t\t\t\t\t\t\t\t\tregion: \"na1\",\n\t\t\t\t\t\t\t\t\t\n\t\t\t\t\t\t\t})});\n\t\t\t\t\t\t<\/script>\n\t\t\t\t\t\t<div class=\"hbspt-form\" id=\"hbspt-form-1776658788000-2167094857\"><\/div><\/div>\n\t\t\t\t\t\t<\/div>\n\t\t\t\t<\/div>\n\t\t\t\t\t<\/div>\n\t\t<\/div>\n\t\t\t\t\t<\/div>\n\t\t<\/section>\n\t\t\t\t\t<\/div>\n\t\t<\/div>\n\t\t\t\t<div class=\"elementor-column elementor-col-33 elementor-top-column elementor-element elementor-element-1bd9e56 elementor-hidden-mobile\" data-id=\"1bd9e56\" data-element_type=\"column\">\n\t\t\t<div class=\"elementor-widget-wrap\">\n\t\t\t\t\t\t\t<\/div>\n\t\t<\/div>\n\t\t\t\t\t<\/div>\n\t\t<\/section>\n\t\t\t\t<section class=\"elementor-section elementor-top-section elementor-element elementor-element-70618e6 elementor-section-stretched elementor-section-boxed elementor-section-height-default elementor-section-height-default\" data-id=\"70618e6\" data-element_type=\"section\" data-settings=\"{&quot;stretch_section&quot;:&quot;section-stretched&quot;,&quot;_ha_eqh_enable&quot;:false}\">\n\t\t\t\t\t\t<div class=\"elementor-container elementor-column-gap-default\">\n\t\t\t\t\t<div class=\"elementor-column elementor-col-100 elementor-top-column elementor-element elementor-element-f1b3ae4\" data-id=\"f1b3ae4\" data-element_type=\"column\">\n\t\t\t<div class=\"elementor-widget-wrap elementor-element-populated\">\n\t\t\t\t\t\t<div class=\"elementor-element elementor-element-7fe305f elementor-widget elementor-widget-heading\" data-id=\"7fe305f\" data-element_type=\"widget\" data-widget_type=\"heading.default\">\n\t\t\t\t<div class=\"elementor-widget-container\">\n\t\t\t\t\t<h3 class=\"elementor-heading-title elementor-size-default\">Why is KCP Dynamics the ideal choice for this challenge?<\/h3>\t\t\t\t<\/div>\n\t\t\t\t<\/div>\n\t\t\t\t<div class=\"elementor-element elementor-element-1a567b2 elementor-widget elementor-widget-text-editor\" data-id=\"1a567b2\" data-element_type=\"widget\" data-widget_type=\"text-editor.default\">\n\t\t\t\t<div class=\"elementor-widget-container\">\n\t\t\t\t\t\t\t\t\t<p><strong>1. Specific Microsoft Dynamics localizations.<\/strong><\/p>\n<ul>\n<li><strong>Local experience with global vision:<\/strong> KCP Dynamics has successfully performed numerous Microsoft Dynamics localizations in almost all of LATAM, including Colombia, Dominican Republic, Chile, United States, Ecuador, Peru, Bolivia, Honduras, El Salvador, Panama and Mexico. This extensive presence ensures in-depth knowledge of local regulations and business practices.<\/li>\n<\/ul>\n<div> <\/div>\n<div> <\/div>\n<ul>\n<li><strong>High Quality Specific Products:<\/strong> We excel in developing proprietary products such as Payroll for Colombia, a system tailored to the specific needs of this market and fully integrable with Dynamics 365.<\/li>\n<\/ul>\n<div> <\/div>\n<p><strong>2. Experience with Multinationals.<\/strong><\/p>\n<ul>\n<ul>\n<li><strong>Successful implementations for large corporations:<\/strong> Our track record includes multiple successful Dynamics 365 implementation projects for foreign multinationals. We understand the unique needs of a global organization and how to align them with local requirements.<\/li>\n<\/ul>\n<\/ul>\n<div> <\/div>\n<ul>\n<li>\n<li><strong>Solutions tailored to your needs:<\/strong> We tailor our solutions to meet both local operational needs and the standards and formats required by your headquarters.<\/li>\n<\/ul>\n<div> <\/div>\n<p><strong>3. Comprehensive service and ongoing support.<\/strong><\/p>\n<ul>\n<ul>\n<li><strong>Dedicated support:<\/strong> We offer ongoing service and technical support, ensuring that any problems or needs are handled efficiently and without delay.<\/li>\n<\/ul>\n<div> <\/div>\n<ul>\n<ul>\n<li><strong>Constant training and updates:<\/strong> We ensure that your teams, both in LATAM and at your headquarters, are always up-to-date and well trained in the use of Dynamics 365.<\/li>\n<\/ul>\n<div> <\/div>\n<p><strong>4. Project management and communication:<\/strong><\/p>\n<ul>\n<ul>\n<li><strong>Effective coordination:<\/strong> We efficiently manage coordination between the various locations and headquarters, ensuring that all projects are executed in a synchronized and harmonious manner.<\/li>\n<li><strong>Fluid and transparent communication:<\/strong> We maintain constant and open communication with all parties involved, ensuring that both local and global expectations are adequately met.<\/li>\n<\/ul>\n<p><strong>5. Financial consolidation and reporting:<\/strong><\/p>\n<ul>\n<ul>\n<li><strong>Customized financial reporting:<\/strong> We understand the importance of having consistent financial reporting aligned with company standards. Therefore, we work to ensure that locally generated financial reports can be consolidated and presented at headquarters according to your formats and preferences.<\/li>\n<li>\n<li><strong>Effective integration and consolidation:<\/strong> Our solutions enable effective integration and consolidation of local accounts at headquarters, facilitating a clear and consistent view of financial performance across all markets.<\/li>\n<\/ul>\n<p><strong>6. Commitment to excellence and innovation:<\/strong><\/p>\n<ul>\n<ul>\n<li><strong>Focus on innovation:<\/strong> We are constantly looking for ways to improve and innovate our solutions, so that your company stays at the forefront of business and technology management.<\/li>\n<li><strong>Commitment to quality:<\/strong> Our team is committed to delivering not just a solution, but a long-term partnership based on quality, reliability and trust.<\/li>\n<\/ul>\n<p><strong>7. Global presence and local knowledge:<\/strong><\/p>\n<ul>\n<ul>\n<li><strong>Wide coverage in LATAM and beyond:<\/strong> Our presence in several LATAM countries ensures that we have the global reach and local knowledge to handle complex multinational projects.<\/li>\n<\/ul>\n<div> <\/div>\n<p><strong>We are ready to take on the challenge of being your trusted partner in the implementation of Microsoft Dynamics in LATAM<\/strong>,aligned with the global needs of your multinational. Do not hesitate to contact us to start this journey towards digital transformation and operational excellence.<\/p>\n<\/p>\n<p>.<\/p>\n\t\t\t\t\t\t\t\t<\/div>\n\t\t\t\t<\/div>\n\t\t\t\t\t<\/div>\n\t\t<\/div>\n\t\t\t\t\t<\/div>\n\t\t<\/section>\n\t\t\t\t<section class=\"elementor-section elementor-top-section elementor-element elementor-element-6dd4bfa elementor-section-full_width elementor-section-stretched elementor-section-height-default elementor-section-height-default\" data-id=\"6dd4bfa\" data-element_type=\"section\" data-settings=\"{&quot;stretch_section&quot;:&quot;section-stretched&quot;,&quot;_ha_eqh_enable&quot;:false}\">\n\t\t\t\t\t\t<div class=\"elementor-container elementor-column-gap-default\">\n\t\t\t\t\t<div class=\"elementor-column elementor-col-100 elementor-top-column elementor-element elementor-element-6d30459\" data-id=\"6d30459\" data-element_type=\"column\">\n\t\t\t<div class=\"elementor-widget-wrap elementor-element-populated\">\n\t\t\t\t\t\t<div class=\"elementor-element elementor-element-8033410 dce_masking-none elementor-widget elementor-widget-image\" data-id=\"8033410\" data-element_type=\"widget\" data-widget_type=\"image.default\">\n\t\t\t\t<div class=\"elementor-widget-container\">\n\t\t\t\t\t\t\t\t\t\t\t\t\t\t\t<img fetchpriority=\"high\" decoding=\"async\" width=\"800\" height=\"450\" src=\"https:\/\/kcpdynamics.com\/wp-content\/uploads\/avif\/2023\/10\/Soluciones-microsoft-sector-financiero.avif\" class=\"attachment-large size-large wp-image-14849\" alt=\"Trabajadora de multinacional con oficinas en LATAM\" \/>\t\t\t\t\t\t\t\t\t\t\t\t\t\t\t<\/div>\n\t\t\t\t<\/div>\n\t\t\t\t\t<\/div>\n\t\t<\/div>\n\t\t\t\t\t<\/div>\n\t\t<\/section>\n\t\t\t\t<section class=\"elementor-section elementor-top-section elementor-element elementor-element-a844a18 elementor-section-stretched elementor-section-boxed elementor-section-height-default elementor-section-height-default\" data-id=\"a844a18\" data-element_type=\"section\" data-settings=\"{&quot;background_background&quot;:&quot;classic&quot;,&quot;stretch_section&quot;:&quot;section-stretched&quot;,&quot;_ha_eqh_enable&quot;:false}\">\n\t\t\t\t\t\t<div class=\"elementor-container elementor-column-gap-default\">\n\t\t\t\t\t<div class=\"elementor-column elementor-col-33 elementor-top-column elementor-element elementor-element-5a80426 elementor-hidden-mobile elementor-hidden-tablet\" data-id=\"5a80426\" data-element_type=\"column\">\n\t\t\t<div class=\"elementor-widget-wrap\">\n\t\t\t\t\t\t\t<\/div>\n\t\t<\/div>\n\t\t\t\t<div class=\"elementor-column elementor-col-33 elementor-top-column elementor-element elementor-element-64cc392\" data-id=\"64cc392\" data-element_type=\"column\">\n\t\t\t<div class=\"elementor-widget-wrap elementor-element-populated\">\n\t\t\t\t\t\t<div class=\"elementor-element elementor-element-1c24fc4 elementor-widget elementor-widget-heading\" data-id=\"1c24fc4\" data-element_type=\"widget\" data-widget_type=\"heading.default\">\n\t\t\t\t<div class=\"elementor-widget-container\">\n\t\t\t\t\t<h2 class=\"elementor-heading-title elementor-size-default\">Do you have a challenge? We can help you conquer it!<\/h2>\t\t\t\t<\/div>\n\t\t\t\t<\/div>\n\t\t\t\t<div class=\"elementor-element elementor-element-869b1bf elementor-widget elementor-widget-text-editor\" data-id=\"869b1bf\" data-element_type=\"widget\" data-widget_type=\"text-editor.default\">\n\t\t\t\t<div class=\"elementor-widget-container\">\n\t\t\t\t\t\t\t\t\t<p>We understand that <b>every company faces unique challenges<\/b> on its path to success. Whether you need to optimize your financial processes, improve collaboration across your team, or make the leap to the cloud, we&#8217;re here to help.<\/p>\n<p>Our extensive experience with Microsoft solutions, including Dynamics 365, Microsoft 365, Azure and Power Platform, allows us to provide you with <b>powerful tools to overcome your business challenges<\/b>. We will work alongside you to understand your goals and design tailored solutions that drive your growth.<\/p>\n<p>No matter what your challenge is, at KCP Dynamics we are committed to turning it into an opportunity. <\/p>\n\t\t\t\t\t\t\t\t<\/div>\n\t\t\t\t<\/div>\n\t\t\t\t<div class=\"elementor-element elementor-element-e5aac2f elementor-widget elementor-widget-button\" data-id=\"e5aac2f\" data-element_type=\"widget\" data-widget_type=\"button.default\">\n\t\t\t\t<div class=\"elementor-widget-container\">\n\t\t\t\t\t\t\t\t\t<div class=\"elementor-button-wrapper\">\n\t\t\t\t\t<a class=\"elementor-button elementor-button-link elementor-size-md\" href=\"https:\/\/kcpdynamics.hubspotpagebuilder.com\/sesion-de-consultoria-gratuita\" target=\"_blank\" rel=\"noopener\">\n\t\t\t\t\t\t<span class=\"elementor-button-content-wrapper\">\n\t\t\t\t\t\t\t\t\t<span class=\"elementor-button-text\">Contact us today and take the first step towards business success!<\/span>\n\t\t\t\t\t<\/span>\n\t\t\t\t\t<\/a>\n\t\t\t\t<\/div>\n\t\t\t\t\t\t\t\t<\/div>\n\t\t\t\t<\/div>\n\t\t\t\t\t<\/div>\n\t\t<\/div>\n\t\t\t\t<div class=\"elementor-column elementor-col-33 elementor-top-column elementor-element elementor-element-189ad2f elementor-hidden-tablet elementor-hidden-mobile\" data-id=\"189ad2f\" data-element_type=\"column\">\n\t\t\t<div class=\"elementor-widget-wrap\">\n\t\t\t\t\t\t\t<\/div>\n\t\t<\/div>\n\t\t\t\t\t<\/div>\n\t\t<\/section>\n\t\t\t\t<\/div>\n\t\t","protected":false},"excerpt":{"rendered":"<p>Dynamics 365 offers multinationals setting up in LATAM a comprehensive platform to adapt to local regulations, optimize their operations and take advantage of technological innovation in the region for sustainable and profitable growth.<\/p>\n","protected":false},"author":1,"featured_media":14849,"parent":21435,"menu_order":0,"comment_status":"closed","ping_status":"closed","template":"elementor_theme","meta":{"content-type":"","footnotes":""},"categories":[],"tags":[63,64],"class_list":["post-21436","page","type-page","status-publish","has-post-thumbnail","hentry","tag-solutions","tag-solutions-by-professional"],"_links":{"self":[{"href":"https:\/\/kcpdynamics.com\/en\/wp-json\/wp\/v2\/pages\/21436","targetHints":{"allow":["GET"]}}],"collection":[{"href":"https:\/\/kcpdynamics.com\/en\/wp-json\/wp\/v2\/pages"}],"about":[{"href":"https:\/\/kcpdynamics.com\/en\/wp-json\/wp\/v2\/types\/page"}],"author":[{"embeddable":true,"href":"https:\/\/kcpdynamics.com\/en\/wp-json\/wp\/v2\/users\/1"}],"replies":[{"embeddable":true,"href":"https:\/\/kcpdynamics.com\/en\/wp-json\/wp\/v2\/comments?post=21436"}],"version-history":[{"count":1,"href":"https:\/\/kcpdynamics.com\/en\/wp-json\/wp\/v2\/pages\/21436\/revisions"}],"predecessor-version":[{"id":24283,"href":"https:\/\/kcpdynamics.com\/en\/wp-json\/wp\/v2\/pages\/21436\/revisions\/24283"}],"up":[{"embeddable":true,"href":"https:\/\/kcpdynamics.com\/en\/wp-json\/wp\/v2\/pages\/21435"}],"wp:featuredmedia":[{"embeddable":true,"href":"https:\/\/kcpdynamics.com\/en\/wp-json\/wp\/v2\/media\/14849"}],"wp:attachment":[{"href":"https:\/\/kcpdynamics.com\/en\/wp-json\/wp\/v2\/media?parent=21436"}],"wp:term":[{"taxonomy":"category","embeddable":true,"href":"https:\/\/kcpdynamics.com\/en\/wp-json\/wp\/v2\/categories?post=21436"},{"taxonomy":"post_tag","embeddable":true,"href":"https:\/\/kcpdynamics.com\/en\/wp-json\/wp\/v2\/tags?post=21436"}],"curies":[{"name":"wp","href":"https:\/\/api.w.org\/{rel}","templated":true}]}}