{"id":21462,"date":"2023-10-19T16:24:39","date_gmt":"2023-10-19T14:24:39","guid":{"rendered":"https:\/\/kcpdynamics.com\/solutions-by-professional\/microsoft-partner-solutions-with-implementation-in-latam\/"},"modified":"2024-04-18T18:07:54","modified_gmt":"2024-04-18T16:07:54","slug":"microsoft-partner-solutions-with-implementation-in-latam","status":"publish","type":"page","link":"https:\/\/kcpdynamics.com\/en\/solutions-by-professional\/microsoft-partner-solutions-with-implementation-in-latam\/","title":{"rendered":"Microsoft partner solutions with implementation in LATAM"},"content":{"rendered":"\t\t<div data-elementor-type=\"wp-page\" data-elementor-id=\"21462\" class=\"elementor elementor-21462 elementor-14192\" data-elementor-settings=\"{&quot;ha_cmc_init_switcher&quot;:&quot;no&quot;}\" data-elementor-post-type=\"page\">\n\t\t\t\t\t\t<section class=\"elementor-section elementor-top-section elementor-element elementor-element-dfe9518 elementor-section-boxed elementor-section-height-default elementor-section-height-default\" data-id=\"dfe9518\" data-element_type=\"section\" data-settings=\"{&quot;_ha_eqh_enable&quot;:false}\">\n\t\t\t\t\t\t<div class=\"elementor-container elementor-column-gap-default\">\n\t\t\t\t\t<div class=\"elementor-column elementor-col-100 elementor-top-column elementor-element elementor-element-3b94299\" data-id=\"3b94299\" data-element_type=\"column\">\n\t\t\t<div class=\"elementor-widget-wrap elementor-element-populated\">\n\t\t\t\t\t\t<div class=\"elementor-element elementor-element-57b64b8 elementor-widget elementor-widget-text-editor\" data-id=\"57b64b8\" data-element_type=\"widget\" data-widget_type=\"text-editor.default\">\n\t\t\t\t<div class=\"elementor-widget-container\">\n\t\t\t\t\t\t\t\t\t<p>KCP Dynamics offers three key products that provide specific solutions for other partners, both in LATAM and other regions, and for customers looking to deploy in LATAM.<\/p> <ol> <li> <p><a href=\"https:\/\/kcpdynamics.com\/productos\/localizacion-dynamics-business-central-colombia\/\"><strong>Business Central localization for Colombia.<\/strong><\/a>&nbsp;This product is designed to adapt Microsoft Dynamics 365 Business Central to Colombia&#8217;s specific regulations and requirements. It provides a complete solution for companies that operate in Colombia and need to comply with local regulations in accounting, tax and other areas.<\/p> <\/li> <li> <li> <p><a href=\"https:\/\/kcpdynamics.com\/productos\/localizacion-de-microsoft-finance-operations-para-rep-dominicana\/\"><strong>Finance &amp; Operations localization for Dominican Republic.<\/strong><\/a>&nbsp;This solution focuses on customizing Microsoft Dynamics 365 Finance &amp; Operations to meet the particular needs and regulations of the Dominican Republic. It enables companies operating in this country to manage their financial operations and comply with local tax requirements effectively.<\/p> <\/li> <li> <li> <p><a href=\"https:\/\/kcpdynamics.com\/productos\/localizacion-dynamics-business-central-colombia\/\"><strong>Payroll for Colombia.<\/strong><\/a>&nbsp;The Payroll for Colombia product focuses on payroll management in the Colombian context. It is designed to help organizations effectively manage payroll processes, ensuring compliance with Colombian labor and tax laws&nbsp;<span style=\"background-color: transparent;\">a specific scope.<\/span><\/p><\/li><\/ol> <\/ol> <p>These solutions are especially valuable for other Microsoft Dynamics partners who want to offer services tailored to the specific regulations and requirements of Colombia and the Dominican Republic, as well as for companies looking to expand their operations in these regions and need technology solutions that fit their local environment. KCP Dynamics provides expertise and high quality solutions to effectively address these challenges.\t\t\t\t\t\t\t\t<\/div>\n\t\t\t\t<\/div>\n\t\t\t\t\t<\/div>\n\t\t<\/div>\n\t\t\t\t\t<\/div>\n\t\t<\/section>\n\t\t\t\t<section class=\"elementor-section elementor-top-section elementor-element elementor-element-8e3a942 elementor-section-stretched elementor-section-boxed elementor-section-height-default elementor-section-height-default\" data-id=\"8e3a942\" data-element_type=\"section\" data-settings=\"{&quot;stretch_section&quot;:&quot;section-stretched&quot;,&quot;background_background&quot;:&quot;classic&quot;,&quot;_ha_eqh_enable&quot;:false}\">\n\t\t\t\t\t\t<div class=\"elementor-container elementor-column-gap-default\">\n\t\t\t\t\t<div class=\"elementor-column elementor-col-33 elementor-top-column elementor-element elementor-element-c677010\" data-id=\"c677010\" data-element_type=\"column\">\n\t\t\t<div class=\"elementor-widget-wrap\">\n\t\t\t\t\t\t\t<\/div>\n\t\t<\/div>\n\t\t\t\t<div class=\"elementor-column elementor-col-33 elementor-top-column elementor-element elementor-element-73c33a7\" data-id=\"73c33a7\" data-element_type=\"column\" data-settings=\"{&quot;background_background&quot;:&quot;classic&quot;}\">\n\t\t\t<div class=\"elementor-widget-wrap elementor-element-populated\">\n\t\t\t\t\t\t<section class=\"elementor-section elementor-inner-section elementor-element elementor-element-7519cd8 elementor-section-boxed elementor-section-height-default elementor-section-height-default\" data-id=\"7519cd8\" data-element_type=\"section\" data-settings=\"{&quot;background_background&quot;:&quot;classic&quot;,&quot;_ha_eqh_enable&quot;:false}\">\n\t\t\t\t\t\t<div class=\"elementor-container elementor-column-gap-default\">\n\t\t\t\t\t<div class=\"elementor-column elementor-col-50 elementor-inner-column elementor-element elementor-element-ea66cbd\" data-id=\"ea66cbd\" data-element_type=\"column\">\n\t\t\t<div class=\"elementor-widget-wrap elementor-element-populated\">\n\t\t\t\t\t\t<div class=\"elementor-element elementor-element-d91ff48 elementor-widget elementor-widget-heading\" data-id=\"d91ff48\" data-element_type=\"widget\" data-widget_type=\"heading.default\">\n\t\t\t\t<div class=\"elementor-widget-container\">\n\t\t\t\t\t<div class=\"elementor-heading-title elementor-size-default\">CONTACT OUR SPECIALISTS<\/div>\t\t\t\t<\/div>\n\t\t\t\t<\/div>\n\t\t\t\t<div class=\"elementor-element elementor-element-fedfad9 elementor-widget elementor-widget-text-editor\" data-id=\"fedfad9\" data-element_type=\"widget\" data-widget_type=\"text-editor.default\">\n\t\t\t\t<div class=\"elementor-widget-container\">\n\t\t\t\t\t\t\t\t\t<p>Lorem ipsum es la frase m\u00e1s socrrida para utilizar en caso de no saber qu\u00e9 texto vas a utilizar.<\/p>\n<p>Lorem ipsum es la frase m\u00e1s socrrida para utilizar en caso de no saber qu\u00e9 texto vas a utilizar.Lorem ipsum es la frase m\u00e1s socrrida para utilizar en caso de no saber qu\u00e9 texto vas a utilizar.<\/p>\n<p>Lorem ipsum es la frase m\u00e1s socrrida para utilizar en caso de no saber qu\u00e9 texto vas a utilizar.<\/p>\n\t\t\t\t\t\t\t\t<\/div>\n\t\t\t\t<\/div>\n\t\t\t\t\t<\/div>\n\t\t<\/div>\n\t\t\t\t<div class=\"elementor-column elementor-col-50 elementor-inner-column elementor-element elementor-element-93587b6\" data-id=\"93587b6\" data-element_type=\"column\">\n\t\t\t<div class=\"elementor-widget-wrap elementor-element-populated\">\n\t\t\t\t\t\t<div class=\"elementor-element elementor-element-085250c elementor-widget elementor-widget-shortcode\" data-id=\"085250c\" data-element_type=\"widget\" data-widget_type=\"shortcode.default\">\n\t\t\t\t<div class=\"elementor-widget-container\">\n\t\t\t\t\t\t\t<div class=\"elementor-shortcode\">\n\t\t\t\t\t\t<script>\n\t\t\t\t\t\t\twindow.hsFormsOnReady = window.hsFormsOnReady || [];\n\t\t\t\t\t\t\twindow.hsFormsOnReady.push(()=>{\n\t\t\t\t\t\t\t\thbspt.forms.create({\n\t\t\t\t\t\t\t\t\tportalId: 7555051,\n\t\t\t\t\t\t\t\t\tformId: \"5100054f-f5b0-415e-9130-f09b3ea3992f\",\n\t\t\t\t\t\t\t\t\ttarget: \"#hbspt-form-1777826581000-6286946745\",\n\t\t\t\t\t\t\t\t\tregion: \"na1\",\n\t\t\t\t\t\t\t\t\t\n\t\t\t\t\t\t\t})});\n\t\t\t\t\t\t<\/script>\n\t\t\t\t\t\t<div class=\"hbspt-form\" id=\"hbspt-form-1777826581000-6286946745\"><\/div><\/div>\n\t\t\t\t\t\t<\/div>\n\t\t\t\t<\/div>\n\t\t\t\t\t<\/div>\n\t\t<\/div>\n\t\t\t\t\t<\/div>\n\t\t<\/section>\n\t\t\t\t\t<\/div>\n\t\t<\/div>\n\t\t\t\t<div class=\"elementor-column elementor-col-33 elementor-top-column elementor-element elementor-element-8d11642\" data-id=\"8d11642\" data-element_type=\"column\">\n\t\t\t<div class=\"elementor-widget-wrap\">\n\t\t\t\t\t\t\t<\/div>\n\t\t<\/div>\n\t\t\t\t\t<\/div>\n\t\t<\/section>\n\t\t\t\t<section class=\"elementor-section elementor-top-section elementor-element elementor-element-438fd1f elementor-section-stretched elementor-section-boxed elementor-section-height-default elementor-section-height-default\" data-id=\"438fd1f\" data-element_type=\"section\" data-settings=\"{&quot;stretch_section&quot;:&quot;section-stretched&quot;,&quot;background_background&quot;:&quot;classic&quot;,&quot;_ha_eqh_enable&quot;:false}\">\n\t\t\t\t\t\t<div class=\"elementor-container elementor-column-gap-default\">\n\t\t\t\t\t<div class=\"elementor-column elementor-col-100 elementor-top-column elementor-element elementor-element-9aebf7d\" data-id=\"9aebf7d\" data-element_type=\"column\">\n\t\t\t<div class=\"elementor-widget-wrap elementor-element-populated\">\n\t\t\t\t\t\t<div class=\"elementor-element elementor-element-c0c32e3 elementor-widget elementor-widget-heading\" data-id=\"c0c32e3\" data-element_type=\"widget\" data-widget_type=\"heading.default\">\n\t\t\t\t<div class=\"elementor-widget-container\">\n\t\t\t\t\t<h3 class=\"elementor-heading-title elementor-size-default\">Advantages of purchasing KCP Dynamics applications<\/h3>\t\t\t\t<\/div>\n\t\t\t\t<\/div>\n\t\t\t\t<div class=\"elementor-element elementor-element-6f51aa6 elementor-widget elementor-widget-text-editor\" data-id=\"6f51aa6\" data-element_type=\"widget\" data-widget_type=\"text-editor.default\">\n\t\t\t\t<div class=\"elementor-widget-container\">\n\t\t\t\t\t\t\t\t\t<p>Acquiring KCP Dynamics applications for Colombia provides an efficient, reliable solution tailored to Colombia&#8217;s specific needs, while allowing companies to save time and resources that would otherwise be spent on developing and maintaining a custom solution.<\/p>\n<p>The advantages offered by our software are<\/p>\n<ol>\n<li>\n<p><strong>Saving time and resources<\/strong>: Developing a proprietary solution can be time consuming and require a significant investment in human and financial resources. The Business Central Localization for Colombia is already developed and ready for implementation, saving time and effort in the development process.<\/p>\n<\/li>\n<li>\n<li>\n<p><strong>Specialized expertise<\/strong>: KCP Dynamics has specialized expertise in adapting Microsoft Dynamics solutions to Colombia&#8217;s local requirements. This means that the localization has been created with Colombia-specific regulations and practices in mind.<\/p>\n<\/li>\n<li>\n<li>\n<p><strong>Regulatory Compliance<\/strong>: Business Central&#8217;s Colombia localization is designed to comply with local tax and accounting regulations. By purchasing it, companies can be confident that their ERP system complies with legal requirements, reducing the risk of penalties and tax issues.<\/p>\n<\/li>\n<\/li>\n<li>\n<p><strong>Upgrades and Maintenance<\/strong>: When developing an in-house solution, it is the company&#8217;s responsibility to constantly maintain and upgrade it to remain compliant with changes in local regulations. When purchasing localization, KCP Dynamics is responsible for keeping it up to date and compliant with the latest regulations.<\/p>\n<\/li>\n<li>\n<li>\n<p><strong>Technical Support<\/strong>: Purchasing localization typically includes technical support and assistance services from KCP Dynamics. This means that companies have access to a team of experts who can help with localization-related issues or questions.<\/p>\n<\/li>\n<\/li>\n<li>\n<p><strong>Focus on core business<\/strong>: By using a proven, out-of-the-box solution, companies can concentrate on their core business instead of distracting resources on software development and maintenance.<\/p>\n<\/li>\n<\/ol>\n\t\t\t\t\t\t\t\t<\/div>\n\t\t\t\t<\/div>\n\t\t\t\t\t<\/div>\n\t\t<\/div>\n\t\t\t\t\t<\/div>\n\t\t<\/section>\n\t\t\t\t<section class=\"elementor-section elementor-top-section elementor-element elementor-element-71b8db4 elementor-section-stretched elementor-section-boxed elementor-section-height-default elementor-section-height-default\" data-id=\"71b8db4\" data-element_type=\"section\" data-settings=\"{&quot;stretch_section&quot;:&quot;section-stretched&quot;,&quot;background_background&quot;:&quot;classic&quot;,&quot;_ha_eqh_enable&quot;:false}\">\n\t\t\t\t\t\t<div class=\"elementor-container elementor-column-gap-default\">\n\t\t\t\t\t<div class=\"elementor-column elementor-col-50 elementor-top-column elementor-element elementor-element-0e66438\" data-id=\"0e66438\" data-element_type=\"column\" data-settings=\"{&quot;background_background&quot;:&quot;classic&quot;}\">\n\t\t\t<div class=\"elementor-widget-wrap elementor-element-populated\">\n\t\t\t\t\t\t<div class=\"elementor-element elementor-element-50c7025 dce_masking-none elementor-widget elementor-widget-image\" data-id=\"50c7025\" data-element_type=\"widget\" data-widget_type=\"image.default\">\n\t\t\t\t<div class=\"elementor-widget-container\">\n\t\t\t\t\t\t\t\t\t\t\t\t\t\t\t<img fetchpriority=\"high\" decoding=\"async\" width=\"1536\" height=\"864\" src=\"https:\/\/kcpdynamics.com\/wp-content\/uploads\/avif\/2023\/11\/Fondo-Business-Central-Colombia-1536x864.png\" class=\"attachment-1536x1536 size-1536x1536 wp-image-17667\" alt=\"\" srcset=\"https:\/\/kcpdynamics.com\/wp-content\/uploads\/avif\/2023\/11\/Fondo-Business-Central-Colombia-1536x864.avif 1536w, https:\/\/kcpdynamics.com\/wp-content\/uploads\/avif\/2023\/11\/Fondo-Business-Central-Colombia-300x169.avif 300w, https:\/\/kcpdynamics.com\/wp-content\/uploads\/avif\/2023\/11\/Fondo-Business-Central-Colombia-1024x576.avif 1024w, https:\/\/kcpdynamics.com\/wp-content\/uploads\/avif\/2023\/11\/Fondo-Business-Central-Colombia-768x432.avif 768w, https:\/\/kcpdynamics.com\/wp-content\/uploads\/avif\/2023\/11\/Fondo-Business-Central-Colombia.avif 1920w\" sizes=\"(max-width: 1536px) 100vw, 1536px\" \/>\t\t\t\t\t\t\t\t\t\t\t\t\t\t\t<\/div>\n\t\t\t\t<\/div>\n\t\t\t\t<div class=\"elementor-element elementor-element-3e374cc elementor-widget elementor-widget-heading\" data-id=\"3e374cc\" data-element_type=\"widget\" data-widget_type=\"heading.default\">\n\t\t\t\t<div class=\"elementor-widget-container\">\n\t\t\t\t\t<span class=\"elementor-heading-title elementor-size-default\">Microsoft Business Central localization for Colombia<\/span>\t\t\t\t<\/div>\n\t\t\t\t<\/div>\n\t\t\t\t<div class=\"elementor-element elementor-element-d4ef2d7 elementor-widget elementor-widget-text-editor\" data-id=\"d4ef2d7\" data-element_type=\"widget\" data-widget_type=\"text-editor.default\">\n\t\t\t\t<div class=\"elementor-widget-container\">\n\t\t\t\t\t\t\t\t\t<p>Colombia localization of Microsoft Business Central, ERP in the cloud for small and medium-sized companies.<\/p>\n\t\t\t\t\t\t\t\t<\/div>\n\t\t\t\t<\/div>\n\t\t\t\t<div class=\"elementor-element elementor-element-ae7cfc8 elementor-align-center elementor-widget elementor-widget-button\" data-id=\"ae7cfc8\" data-element_type=\"widget\" data-widget_type=\"button.default\">\n\t\t\t\t<div class=\"elementor-widget-container\">\n\t\t\t\t\t\t\t\t\t<div class=\"elementor-button-wrapper\">\n\t\t\t\t\t<a class=\"elementor-button elementor-button-link elementor-size-lg\" href=\"http:\/\/More%20info\">\n\t\t\t\t\t\t<span class=\"elementor-button-content-wrapper\">\n\t\t\t\t\t\t<span class=\"elementor-button-icon\">\n\t\t\t\t<svg xmlns=\"http:\/\/www.w3.org\/2000\/svg\" xmlns:xlink=\"http:\/\/www.w3.org\/1999\/xlink\" id=\"Capa_2_00000019637373610970942910000007909332063389544114_\" x=\"0px\" y=\"0px\" viewBox=\"0 0 132.6 157.1\" style=\"enable-background:new 0 0 132.6 157.1;\" xml:space=\"preserve\"><style type=\"text\/css\">\t.st0{fill:#FFFFFF;}<\/style><g id=\"Capa_1-2\">\t<g>\t\t<path class=\"st0\" d=\"M11.1,135C5,135,0,139.9,0,146s5,11.1,11.1,11.1s11.1-5,11.1-11.1S17.2,135,11.1,135z\"><\/path>\t\t<circle class=\"st0\" cx=\"11.1\" cy=\"11.1\" r=\"11.1\"><\/circle>\t\t<path class=\"st0\" d=\"M56.6,45c-6.1,0-11.1,5-11.1,11.1s5,11.1,11.1,11.1s11.1-5,11.1-11.1S62.7,45,56.6,45z\"><\/path>\t\t<circle class=\"st0\" cx=\"56.6\" cy=\"101.1\" r=\"11.1\"><\/circle>\t\t<circle class=\"st0\" cx=\"33.8\" cy=\"123.5\" r=\"11.1\"><\/circle>\t\t<circle class=\"st0\" cx=\"33.8\" cy=\"33.6\" r=\"11.1\"><\/circle>\t\t<path class=\"st0\" d=\"M68.1,78.6c0,6.1,5,11.1,11.1,11.1s11.1-5,11.1-11.1s-5-11.1-11.1-11.1S68.1,72.5,68.1,78.6z\"><\/path>\t\t<path class=\"st0\" d=\"M53.5,135c-6.1,0-11.1,5-11.1,11.1s5,11.1,11.1,11.1s11.1-5,11.1-11.1S59.6,135,53.5,135z\"><\/path>\t\t<circle class=\"st0\" cx=\"53.5\" cy=\"11.1\" r=\"11.1\"><\/circle>\t\t<circle class=\"st0\" cx=\"99\" cy=\"56.1\" r=\"11.1\"><\/circle>\t\t<circle class=\"st0\" cx=\"99\" cy=\"101\" r=\"11.1\"><\/circle>\t\t<path class=\"st0\" d=\"M76.2,112.5c-6.1,0-11.1,5-11.1,11.1s5,11.1,11.1,11.1s11.1-5,11.1-11.1S82.3,112.5,76.2,112.5z\"><\/path>\t\t<path class=\"st0\" d=\"M76.2,44.6c6.1,0,11.1-5,11.1-11.1s-5-11.1-11.1-11.1s-11.1,5-11.1,11.1S70.1,44.6,76.2,44.6z\"><\/path>\t\t<path class=\"st0\" d=\"M121.5,67.5c-6.1,0-11.1,5-11.1,11.1s5,11.1,11.1,11.1s11.1-5,11.1-11.1S127.6,67.5,121.5,67.5z\"><\/path>\t<\/g><\/g><\/svg>\t\t\t<\/span>\n\t\t\t\t\t\t\t\t\t<span class=\"elementor-button-text\">Get to know it<\/span>\n\t\t\t\t\t<\/span>\n\t\t\t\t\t<\/a>\n\t\t\t\t<\/div>\n\t\t\t\t\t\t\t\t<\/div>\n\t\t\t\t<\/div>\n\t\t\t\t\t<\/div>\n\t\t<\/div>\n\t\t\t\t<div class=\"elementor-column elementor-col-50 elementor-top-column elementor-element elementor-element-62b4683\" data-id=\"62b4683\" data-element_type=\"column\" data-settings=\"{&quot;background_background&quot;:&quot;classic&quot;}\">\n\t\t\t<div class=\"elementor-widget-wrap elementor-element-populated\">\n\t\t\t\t\t\t<div class=\"elementor-element elementor-element-f26ca27 dce_masking-none elementor-widget elementor-widget-image\" data-id=\"f26ca27\" data-element_type=\"widget\" data-widget_type=\"image.default\">\n\t\t\t\t<div class=\"elementor-widget-container\">\n\t\t\t\t\t\t\t\t\t\t\t\t\t\t\t<img decoding=\"async\" width=\"800\" height=\"450\" src=\"https:\/\/kcpdynamics.com\/wp-content\/uploads\/avif\/2023\/11\/Fondo-Finance-Operations-Dominicana-1024x576.png\" class=\"attachment-large size-large wp-image-17669\" alt=\"\" srcset=\"https:\/\/kcpdynamics.com\/wp-content\/uploads\/avif\/2023\/11\/Fondo-Finance-Operations-Dominicana-1024x576.avif 1024w, https:\/\/kcpdynamics.com\/wp-content\/uploads\/avif\/2023\/11\/Fondo-Finance-Operations-Dominicana-300x169.avif 300w, https:\/\/kcpdynamics.com\/wp-content\/uploads\/avif\/2023\/11\/Fondo-Finance-Operations-Dominicana-768x432.avif 768w, https:\/\/kcpdynamics.com\/wp-content\/uploads\/avif\/2023\/11\/Fondo-Finance-Operations-Dominicana-1536x864.avif 1536w, https:\/\/kcpdynamics.com\/wp-content\/uploads\/avif\/2023\/11\/Fondo-Finance-Operations-Dominicana.avif 1920w\" sizes=\"(max-width: 800px) 100vw, 800px\" \/>\t\t\t\t\t\t\t\t\t\t\t\t\t\t\t<\/div>\n\t\t\t\t<\/div>\n\t\t\t\t<div class=\"elementor-element elementor-element-09b6853 elementor-widget elementor-widget-heading\" data-id=\"09b6853\" data-element_type=\"widget\" data-widget_type=\"heading.default\">\n\t\t\t\t<div class=\"elementor-widget-container\">\n\t\t\t\t\t<span class=\"elementor-heading-title elementor-size-default\">Localization of Microsoft Dynamics <br>for Finance &amp; Operations for Dominican Republic<\/span>\t\t\t\t<\/div>\n\t\t\t\t<\/div>\n\t\t\t\t<div class=\"elementor-element elementor-element-29dbb5a elementor-widget elementor-widget-text-editor\" data-id=\"29dbb5a\" data-element_type=\"widget\" data-widget_type=\"text-editor.default\">\n\t\t\t\t<div class=\"elementor-widget-container\">\n\t\t\t\t\t\t\t\t\t<p>Dominican Rep. localization of Microsoft Dynamics 365 for Finance and Operations, ERP in the cloud for companies with high management requirements.<\/p>\n\t\t\t\t\t\t\t\t<\/div>\n\t\t\t\t<\/div>\n\t\t\t\t<div class=\"elementor-element elementor-element-7df794b elementor-align-center elementor-widget elementor-widget-button\" data-id=\"7df794b\" data-element_type=\"widget\" data-widget_type=\"button.default\">\n\t\t\t\t<div class=\"elementor-widget-container\">\n\t\t\t\t\t\t\t\t\t<div class=\"elementor-button-wrapper\">\n\t\t\t\t\t<a class=\"elementor-button elementor-button-link elementor-size-lg\" href=\"http:\/\/More%20info\">\n\t\t\t\t\t\t<span class=\"elementor-button-content-wrapper\">\n\t\t\t\t\t\t<span class=\"elementor-button-icon\">\n\t\t\t\t<svg xmlns=\"http:\/\/www.w3.org\/2000\/svg\" xmlns:xlink=\"http:\/\/www.w3.org\/1999\/xlink\" id=\"Capa_2_00000019637373610970942910000007909332063389544114_\" x=\"0px\" y=\"0px\" viewBox=\"0 0 132.6 157.1\" style=\"enable-background:new 0 0 132.6 157.1;\" xml:space=\"preserve\"><style type=\"text\/css\">\t.st0{fill:#FFFFFF;}<\/style><g id=\"Capa_1-2\">\t<g>\t\t<path class=\"st0\" d=\"M11.1,135C5,135,0,139.9,0,146s5,11.1,11.1,11.1s11.1-5,11.1-11.1S17.2,135,11.1,135z\"><\/path>\t\t<circle class=\"st0\" cx=\"11.1\" cy=\"11.1\" r=\"11.1\"><\/circle>\t\t<path class=\"st0\" d=\"M56.6,45c-6.1,0-11.1,5-11.1,11.1s5,11.1,11.1,11.1s11.1-5,11.1-11.1S62.7,45,56.6,45z\"><\/path>\t\t<circle class=\"st0\" cx=\"56.6\" cy=\"101.1\" r=\"11.1\"><\/circle>\t\t<circle class=\"st0\" cx=\"33.8\" cy=\"123.5\" r=\"11.1\"><\/circle>\t\t<circle class=\"st0\" cx=\"33.8\" cy=\"33.6\" r=\"11.1\"><\/circle>\t\t<path class=\"st0\" d=\"M68.1,78.6c0,6.1,5,11.1,11.1,11.1s11.1-5,11.1-11.1s-5-11.1-11.1-11.1S68.1,72.5,68.1,78.6z\"><\/path>\t\t<path class=\"st0\" d=\"M53.5,135c-6.1,0-11.1,5-11.1,11.1s5,11.1,11.1,11.1s11.1-5,11.1-11.1S59.6,135,53.5,135z\"><\/path>\t\t<circle class=\"st0\" cx=\"53.5\" cy=\"11.1\" r=\"11.1\"><\/circle>\t\t<circle class=\"st0\" cx=\"99\" cy=\"56.1\" r=\"11.1\"><\/circle>\t\t<circle class=\"st0\" cx=\"99\" cy=\"101\" r=\"11.1\"><\/circle>\t\t<path class=\"st0\" d=\"M76.2,112.5c-6.1,0-11.1,5-11.1,11.1s5,11.1,11.1,11.1s11.1-5,11.1-11.1S82.3,112.5,76.2,112.5z\"><\/path>\t\t<path class=\"st0\" d=\"M76.2,44.6c6.1,0,11.1-5,11.1-11.1s-5-11.1-11.1-11.1s-11.1,5-11.1,11.1S70.1,44.6,76.2,44.6z\"><\/path>\t\t<path class=\"st0\" d=\"M121.5,67.5c-6.1,0-11.1,5-11.1,11.1s5,11.1,11.1,11.1s11.1-5,11.1-11.1S127.6,67.5,121.5,67.5z\"><\/path>\t<\/g><\/g><\/svg>\t\t\t<\/span>\n\t\t\t\t\t\t\t\t\t<span class=\"elementor-button-text\">Get to know it<\/span>\n\t\t\t\t\t<\/span>\n\t\t\t\t\t<\/a>\n\t\t\t\t<\/div>\n\t\t\t\t\t\t\t\t<\/div>\n\t\t\t\t<\/div>\n\t\t\t\t\t<\/div>\n\t\t<\/div>\n\t\t\t\t\t<\/div>\n\t\t<\/section>\n\t\t\t\t<section data-dce-background-image-url=\"https:\/\/kcpdynamics.com\/wp-content\/uploads\/2023\/10\/Partners-Microsoft-LATAM.jpg\" class=\"elementor-section elementor-top-section elementor-element elementor-element-20848f1 elementor-section-stretched elementor-section-boxed elementor-section-height-default elementor-section-height-default\" data-id=\"20848f1\" data-element_type=\"section\" data-settings=\"{&quot;stretch_section&quot;:&quot;section-stretched&quot;,&quot;background_background&quot;:&quot;classic&quot;,&quot;_ha_eqh_enable&quot;:false}\">\n\t\t\t\t\t\t<div class=\"elementor-container elementor-column-gap-default\">\n\t\t\t\t\t<div class=\"elementor-column elementor-col-50 elementor-top-column elementor-element elementor-element-e1ebfc4\" data-id=\"e1ebfc4\" data-element_type=\"column\">\n\t\t\t<div class=\"elementor-widget-wrap elementor-element-populated\">\n\t\t\t\t\t\t<div class=\"elementor-element elementor-element-43cbfe8 elementor-widget elementor-widget-text-editor\" data-id=\"43cbfe8\" data-element_type=\"widget\" data-widget_type=\"text-editor.default\">\n\t\t\t\t<div class=\"elementor-widget-container\">\n\t\t\t\t\t\t\t\t\t<blockquote><p>When you purchase one of our applications, KCP Dynamics takes care of keeping it up to date and compliant with the latest regulations.<\/p>\n\t\t\t\t\t\t\t\t<\/div>\n\t\t\t\t<\/div>\n\t\t\t\t\t<\/div>\n\t\t<\/div>\n\t\t\t\t<div class=\"elementor-column elementor-col-50 elementor-top-column elementor-element elementor-element-e3aa602 elementor-hidden-tablet elementor-hidden-mobile\" data-id=\"e3aa602\" data-element_type=\"column\">\n\t\t\t<div class=\"elementor-widget-wrap\">\n\t\t\t\t\t\t\t<\/div>\n\t\t<\/div>\n\t\t\t\t\t<\/div>\n\t\t<\/section>\n\t\t\t\t<\/div>\n\t\t","protected":false},"excerpt":{"rendered":"<p>KCP Dynamics offers Microsoft partners with LATAM deployments localization solutions and local expertise to facilitate expansion in the region, ensure regulatory compliance and provide a competitive advantage by tailoring solutions to the local needs of their customers.<\/p>\n","protected":false},"author":1,"featured_media":14847,"parent":21435,"menu_order":0,"comment_status":"closed","ping_status":"closed","template":"elementor_theme","meta":{"content-type":"","footnotes":""},"categories":[],"tags":[63,64],"class_list":["post-21462","page","type-page","status-publish","has-post-thumbnail","hentry","tag-solutions","tag-solutions-by-professional"],"_links":{"self":[{"href":"https:\/\/kcpdynamics.com\/en\/wp-json\/wp\/v2\/pages\/21462","targetHints":{"allow":["GET"]}}],"collection":[{"href":"https:\/\/kcpdynamics.com\/en\/wp-json\/wp\/v2\/pages"}],"about":[{"href":"https:\/\/kcpdynamics.com\/en\/wp-json\/wp\/v2\/types\/page"}],"author":[{"embeddable":true,"href":"https:\/\/kcpdynamics.com\/en\/wp-json\/wp\/v2\/users\/1"}],"replies":[{"embeddable":true,"href":"https:\/\/kcpdynamics.com\/en\/wp-json\/wp\/v2\/comments?post=21462"}],"version-history":[{"count":0,"href":"https:\/\/kcpdynamics.com\/en\/wp-json\/wp\/v2\/pages\/21462\/revisions"}],"up":[{"embeddable":true,"href":"https:\/\/kcpdynamics.com\/en\/wp-json\/wp\/v2\/pages\/21435"}],"wp:featuredmedia":[{"embeddable":true,"href":"https:\/\/kcpdynamics.com\/en\/wp-json\/wp\/v2\/media\/14847"}],"wp:attachment":[{"href":"https:\/\/kcpdynamics.com\/en\/wp-json\/wp\/v2\/media?parent=21462"}],"wp:term":[{"taxonomy":"category","embeddable":true,"href":"https:\/\/kcpdynamics.com\/en\/wp-json\/wp\/v2\/categories?post=21462"},{"taxonomy":"post_tag","embeddable":true,"href":"https:\/\/kcpdynamics.com\/en\/wp-json\/wp\/v2\/tags?post=21462"}],"curies":[{"name":"wp","href":"https:\/\/api.w.org\/{rel}","templated":true}]}}